{"id":557,"date":"2023-12-19T10:00:07","date_gmt":"2023-12-19T03:00:07","guid":{"rendered":"http:\/\/vienthongsaigon.southteam.site\/?page_id=557"},"modified":"2024-12-09T22:36:16","modified_gmt":"2024-12-09T15:36:16","slug":"linh-vuc","status":"publish","type":"page","link":"https:\/\/vdsg.com.vn\/vi\/linh-vuc\/","title":{"rendered":"L\u0129nh v\u1ef1c"},"content":{"rendered":"<div class=\"wpb-content-wrapper\"><p>[vc_row][vc_column]<div class=\"portfolio-area applicate-grid\">\n\t<div class=\"row\">\n\t\t\t\t<div class=\"col-lg-4 col-sm-6 col-xl-4\">\n\t\t\t\n<article class=\"post-544 industry type-industry status-publish has-post-thumbnail hentry\" id=\"service-544\">\n\t<div class=\"service-item\"> \n\t\t<a class=\"service-slider-item-link\" href=\"https:\/\/vdsg.com.vn\/vi\/industry\/che-tao\/\">\n\t\t\t<div class=\"service-item-media\">\n\t\t\t\t<img fetchpriority=\"high\" decoding=\"async\" width=\"640\" height=\"388\" src=\"https:\/\/vdsg.com.vn\/wp-content\/uploads\/2023\/12\/Manufactoring.jpg\" class=\"attachment-post-thumbnail size-post-thumbnail wp-post-image\" alt=\"\" srcset=\"https:\/\/vdsg.com.vn\/wp-content\/uploads\/2023\/12\/Manufactoring.jpg 640w, https:\/\/vdsg.com.vn\/wp-content\/uploads\/2023\/12\/Manufactoring-300x182.jpg 300w\" sizes=\"(max-width: 640px) 100vw, 640px\" \/>\t\t\t<\/div>\n\t\t\t<div class=\"service-item-content\">\n\t\t\t\t<h5 class=\"service-post-title\">Ch\u1ebf t\u1ea1o<i class=\"ti-arrow-right\"><\/i><\/h5>\n\t\t\t\t<div class=\"service-item-excerpt\"><p>Vestibulum purus quam, scelerisque ut, mollis sed, nonummy id, metus. Vivamus consectetuer hendrerit lacus. Aenean leo ligula, porttitor eu, consequat vitae, eleifend ac, enim. Nam at tortor in tellus interdum sagittis. Sed augue ipsum, egestas nec, vestibulum et, malesuada adipiscing, dui. Donec quam felis, ultricies nec, pellentesque eu, pretium quis, sem. Sed libero. Nullam accumsan<\/p>\n<\/div>\n\t\t\t<\/div>\n\t\t<\/a>\n\t<\/div>\n<\/article><!-- #post-## --><!-- #post-## -->\n\t\t<\/div>\n\t\t\t\t<div class=\"col-lg-4 col-sm-6 col-xl-4\">\n\t\t\t\n<article class=\"post-543 industry type-industry status-publish has-post-thumbnail hentry\" id=\"service-543\">\n\t<div class=\"service-item\"> \n\t\t<a class=\"service-slider-item-link\" href=\"https:\/\/vdsg.com.vn\/vi\/industry\/ban-le-thuong-mai-dien-tu\/\">\n\t\t\t<div class=\"service-item-media\">\n\t\t\t\t<img decoding=\"async\" width=\"750\" height=\"500\" src=\"https:\/\/vdsg.com.vn\/wp-content\/uploads\/2023\/12\/Retail-Ecommerce.png\" class=\"attachment-post-thumbnail size-post-thumbnail wp-post-image\" alt=\"\" srcset=\"https:\/\/vdsg.com.vn\/wp-content\/uploads\/2023\/12\/Retail-Ecommerce.png 750w, https:\/\/vdsg.com.vn\/wp-content\/uploads\/2023\/12\/Retail-Ecommerce-300x200.png 300w\" sizes=\"(max-width: 750px) 100vw, 750px\" \/>\t\t\t<\/div>\n\t\t\t<div class=\"service-item-content\">\n\t\t\t\t<h5 class=\"service-post-title\">B\u00e1n l\u1ebb &#038; Th\u01b0\u01a1ng m\u1ea1i \u0111i\u1ec7n t\u1eed<i class=\"ti-arrow-right\"><\/i><\/h5>\n\t\t\t\t<div class=\"service-item-excerpt\"><p>Cras risus ipsum, faucibus ut, ullamcorper id, varius ac, leo. Sed aliquam ultrices mauris. Nunc egestas, augue at pellentesque laoreet, felis eros vehicula leo, at malesuada velit leo quis pede. Praesent blandit laoreet nibh. Nam adipiscing. Sed fringilla mauris sit amet nibh. Ut varius tincidunt libero. Suspendisse pulvinar, augue ac venenatis condimentum, sem libero volutpat<\/p>\n<\/div>\n\t\t\t<\/div>\n\t\t<\/a>\n\t<\/div>\n<\/article><!-- #post-## --><!-- #post-## -->\n\t\t<\/div>\n\t\t\t\t<div class=\"col-lg-4 col-sm-6 col-xl-4\">\n\t\t\t\n<article class=\"post-542 industry type-industry status-publish has-post-thumbnail hentry\" id=\"service-542\">\n\t<div class=\"service-item\"> \n\t\t<a class=\"service-slider-item-link\" href=\"https:\/\/vdsg.com.vn\/vi\/industry\/cham-soc-suc-khoe\/\">\n\t\t\t<div class=\"service-item-media\">\n\t\t\t\t<img decoding=\"async\" width=\"750\" height=\"500\" src=\"https:\/\/vdsg.com.vn\/wp-content\/uploads\/2023\/12\/Health-Care.png\" class=\"attachment-post-thumbnail size-post-thumbnail wp-post-image\" alt=\"\" srcset=\"https:\/\/vdsg.com.vn\/wp-content\/uploads\/2023\/12\/Health-Care.png 750w, https:\/\/vdsg.com.vn\/wp-content\/uploads\/2023\/12\/Health-Care-300x200.png 300w\" sizes=\"(max-width: 750px) 100vw, 750px\" \/>\t\t\t<\/div>\n\t\t\t<div class=\"service-item-content\">\n\t\t\t\t<h5 class=\"service-post-title\">Ch\u0103m s\u00f3c s\u1ee9c kh\u1ecfe<i class=\"ti-arrow-right\"><\/i><\/h5>\n\t\t\t\t<div class=\"service-item-excerpt\"><p>Morbi nec metus. Duis vel nibh at velit scelerisque suscipit. Donec posuere vulputate arcu. Ut varius tincidunt libero. Nam pretium turpis et arcu. Nunc nonummy metus. Fusce pharetra convallis urna. Etiam sit amet orci eget eros faucibus tincidunt. Duis lobortis massa imperdiet quam. Praesent congue erat at massa. Vestibulum fringilla pede sit amet augue. Nullam<\/p>\n<\/div>\n\t\t\t<\/div>\n\t\t<\/a>\n\t<\/div>\n<\/article><!-- #post-## --><!-- #post-## -->\n\t\t<\/div>\n\t\t\t\t<div class=\"col-lg-4 col-sm-6 col-xl-4\">\n\t\t\t\n<article class=\"post-541 industry type-industry status-publish has-post-thumbnail hentry\" id=\"service-541\">\n\t<div class=\"service-item\"> \n\t\t<a class=\"service-slider-item-link\" href=\"https:\/\/vdsg.com.vn\/vi\/industry\/ngan-hang\/\">\n\t\t\t<div class=\"service-item-media\">\n\t\t\t\t<img loading=\"lazy\" decoding=\"async\" width=\"400\" height=\"300\" src=\"https:\/\/vdsg.com.vn\/wp-content\/uploads\/2023\/12\/banking.jpg\" class=\"attachment-post-thumbnail size-post-thumbnail wp-post-image\" alt=\"\" srcset=\"https:\/\/vdsg.com.vn\/wp-content\/uploads\/2023\/12\/banking.jpg 400w, https:\/\/vdsg.com.vn\/wp-content\/uploads\/2023\/12\/banking-300x225.jpg 300w\" sizes=\"(max-width: 400px) 100vw, 400px\" \/>\t\t\t<\/div>\n\t\t\t<div class=\"service-item-content\">\n\t\t\t\t<h5 class=\"service-post-title\">Ng\u00e2n h\u00e0ng<i class=\"ti-arrow-right\"><\/i><\/h5>\n\t\t\t\t<div class=\"service-item-excerpt\"><p>Sed fringilla mauris sit amet nibh. Suspendisse non nisl sit amet velit hendrerit rutrum. Curabitur a felis in nunc fringilla tristique. Ut tincidunt tincidunt erat. Phasellus a est. Vivamus quis mi. Quisque libero metus, condimentum nec, tempor a, commodo mollis, magna. Etiam imperdiet imperdiet orci. Suspendisse enim turpis, dictum sed, iaculis a, condimentum nec, nisi.<\/p>\n<\/div>\n\t\t\t<\/div>\n\t\t<\/a>\n\t<\/div>\n<\/article><!-- #post-## --><!-- #post-## -->\n\t\t<\/div>\n\t\t\t\t<div class=\"col-lg-4 col-sm-6 col-xl-4\">\n\t\t\t\n<article class=\"post-540 industry type-industry status-publish has-post-thumbnail hentry\" id=\"service-540\">\n\t<div class=\"service-item\"> \n\t\t<a class=\"service-slider-item-link\" href=\"https:\/\/vdsg.com.vn\/vi\/industry\/tien-ich\/\">\n\t\t\t<div class=\"service-item-media\">\n\t\t\t\t<img loading=\"lazy\" decoding=\"async\" width=\"920\" height=\"613\" src=\"https:\/\/vdsg.com.vn\/wp-content\/uploads\/2023\/12\/Utilities.webp\" class=\"attachment-post-thumbnail size-post-thumbnail wp-post-image\" alt=\"\" srcset=\"https:\/\/vdsg.com.vn\/wp-content\/uploads\/2023\/12\/Utilities.webp 920w, https:\/\/vdsg.com.vn\/wp-content\/uploads\/2023\/12\/Utilities-300x200.webp 300w, https:\/\/vdsg.com.vn\/wp-content\/uploads\/2023\/12\/Utilities-768x512.webp 768w\" sizes=\"(max-width: 920px) 100vw, 920px\" \/>\t\t\t<\/div>\n\t\t\t<div class=\"service-item-content\">\n\t\t\t\t<h5 class=\"service-post-title\">Ti\u1ec7n \u00edch<i class=\"ti-arrow-right\"><\/i><\/h5>\n\t\t\t\t<div class=\"service-item-excerpt\"><p>Quisque id odio. Sed magna purus, fermentum eu, tincidunt eu, varius ut, felis. Ut non enim eleifend felis pretium feugiat.. Pellentesque habitant morbi tristique senectus et netus et malesuada fames ac turpis egestas. Curabitur turpis. Donec vitae orci sed dolor rutrum auctor. Quisque malesuada placerat nisl. Praesent egestas neque eu enim. Fusce fermentum. Nullam dictum<\/p>\n<\/div>\n\t\t\t<\/div>\n\t\t<\/a>\n\t<\/div>\n<\/article><!-- #post-## --><!-- #post-## -->\n\t\t<\/div>\n\t\t\t\t<div class=\"col-lg-4 col-sm-6 col-xl-4\">\n\t\t\t\n<article class=\"post-539 industry type-industry status-publish has-post-thumbnail hentry\" id=\"service-539\">\n\t<div class=\"service-item\"> \n\t\t<a class=\"service-slider-item-link\" href=\"https:\/\/vdsg.com.vn\/vi\/industry\/van-tai\/\">\n\t\t\t<div class=\"service-item-media\">\n\t\t\t\t<img loading=\"lazy\" decoding=\"async\" width=\"1024\" height=\"474\" src=\"https:\/\/vdsg.com.vn\/wp-content\/uploads\/2023\/12\/Transportation.jpg\" class=\"attachment-post-thumbnail size-post-thumbnail wp-post-image\" alt=\"\" srcset=\"https:\/\/vdsg.com.vn\/wp-content\/uploads\/2023\/12\/Transportation.jpg 1024w, https:\/\/vdsg.com.vn\/wp-content\/uploads\/2023\/12\/Transportation-300x139.jpg 300w, https:\/\/vdsg.com.vn\/wp-content\/uploads\/2023\/12\/Transportation-768x356.jpg 768w\" sizes=\"(max-width: 1024px) 100vw, 1024px\" \/>\t\t\t<\/div>\n\t\t\t<div class=\"service-item-content\">\n\t\t\t\t<h5 class=\"service-post-title\">V\u1eadn t\u1ea3i<i class=\"ti-arrow-right\"><\/i><\/h5>\n\t\t\t\t<div class=\"service-item-excerpt\"><p>Suspendisse enim turpis, dictum sed, iaculis a, condimentum nec, nisi. Phasellus magna. Suspendisse potenti. Vestibulum ante ipsum primis in faucibus orci luctus et ultrices posuere cubilia Curae; Sed aliquam, nisi quis porttitor congue, elit erat euismod orci, ac placerat dolor lectus quis orci. Nunc nonummy metus. Praesent ac massa at ligula laoreet iaculis. Maecenas malesuada.<\/p>\n<\/div>\n\t\t\t<\/div>\n\t\t<\/a>\n\t<\/div>\n<\/article><!-- #post-## --><!-- #post-## -->\n\t\t<\/div>\n\t\t\t<\/div>\n<\/div>\t\n[\/vc_column][\/vc_row]<\/p>\n<\/div>","protected":false},"excerpt":{"rendered":"<p>[vc_row][vc_column][\/vc_column][\/vc_row]<\/p>\n","protected":false},"author":1,"featured_media":0,"parent":0,"menu_order":0,"comment_status":"closed","ping_status":"closed","template":"page-templates\/fullwidthpage.php","meta":{"_acf_changed":false,"footnotes":""},"class_list":["post-557","page","type-page","status-publish","hentry"],"acf":[],"yoast_head":"<!-- This site is optimized with the Yoast SEO plugin v24.4 - https:\/\/yoast.com\/wordpress\/plugins\/seo\/ -->\n<title>L\u0129nh v\u1ef1c - Vi\u1ec5n Th\u00f4ng \u0110\u00f4ng S\u00e0i G\u00f2n<\/title>\n<meta name=\"robots\" content=\"index, follow, max-snippet:-1, max-image-preview:large, max-video-preview:-1\" \/>\n<link rel=\"canonical\" href=\"https:\/\/vdsg.com.vn\/industry\/\" \/>\n<meta property=\"og:locale\" content=\"vi_VN\" \/>\n<meta property=\"og:type\" content=\"article\" \/>\n<meta property=\"og:title\" content=\"L\u0129nh v\u1ef1c - Vi\u1ec5n Th\u00f4ng \u0110\u00f4ng S\u00e0i G\u00f2n\" \/>\n<meta property=\"og:description\" content=\"[vc_row][vc_column][\/vc_column][\/vc_row]\" \/>\n<meta property=\"og:url\" content=\"https:\/\/vdsg.com.vn\/industry\/\" \/>\n<meta property=\"og:site_name\" content=\"Vi\u1ec5n Th\u00f4ng \u0110\u00f4ng S\u00e0i G\u00f2n\" \/>\n<meta property=\"article:modified_time\" content=\"2024-12-09T15:36:16+00:00\" \/>\n<meta name=\"twitter:card\" content=\"summary_large_image\" \/>\n<meta name=\"twitter:label1\" content=\"Est. reading time\" \/>\n\t<meta name=\"twitter:data1\" content=\"1 minute\" \/>\n<script type=\"application\/ld+json\" class=\"yoast-schema-graph\">{\"@context\":\"https:\/\/schema.org\",\"@graph\":[{\"@type\":\"WebPage\",\"@id\":\"https:\/\/vdsg.com.vn\/industry\/\",\"url\":\"https:\/\/vdsg.com.vn\/industry\/\",\"name\":\"L\u0129nh v\u1ef1c - Vi\u1ec5n Th\u00f4ng \u0110\u00f4ng S\u00e0i G\u00f2n\",\"isPartOf\":{\"@id\":\"https:\/\/vdsg.com.vn\/#website\"},\"datePublished\":\"2023-12-19T03:00:07+00:00\",\"dateModified\":\"2024-12-09T15:36:16+00:00\",\"breadcrumb\":{\"@id\":\"https:\/\/vdsg.com.vn\/industry\/#breadcrumb\"},\"inLanguage\":\"vi-VN\",\"potentialAction\":[{\"@type\":\"ReadAction\",\"target\":[\"https:\/\/vdsg.com.vn\/industry\/\"]}]},{\"@type\":\"BreadcrumbList\",\"@id\":\"https:\/\/vdsg.com.vn\/industry\/#breadcrumb\",\"itemListElement\":[{\"@type\":\"ListItem\",\"position\":1,\"name\":\"Home\",\"item\":\"https:\/\/vdsg.com.vn\/vi\/\"},{\"@type\":\"ListItem\",\"position\":2,\"name\":\"L\u0129nh v\u1ef1c\"}]},{\"@type\":\"WebSite\",\"@id\":\"https:\/\/vdsg.com.vn\/#website\",\"url\":\"https:\/\/vdsg.com.vn\/\",\"name\":\"Vi\u1ec5n Th\u00f4ng \u0110\u00f4ng S\u00e0i G\u00f2n\",\"description\":\"C\u00d4NG TY TNHH VI\u1ec4N TH\u00d4NG \u0110\u00d4NG S\u00c0I G\u00d2N\",\"potentialAction\":[{\"@type\":\"SearchAction\",\"target\":{\"@type\":\"EntryPoint\",\"urlTemplate\":\"https:\/\/vdsg.com.vn\/?s={search_term_string}\"},\"query-input\":{\"@type\":\"PropertyValueSpecification\",\"valueRequired\":true,\"valueName\":\"search_term_string\"}}],\"inLanguage\":\"vi-VN\"}]}<\/script>\n<!-- \/ Yoast SEO plugin. -->","yoast_head_json":{"title":"L\u0129nh v\u1ef1c - Vi\u1ec5n Th\u00f4ng \u0110\u00f4ng S\u00e0i G\u00f2n","robots":{"index":"index","follow":"follow","max-snippet":"max-snippet:-1","max-image-preview":"max-image-preview:large","max-video-preview":"max-video-preview:-1"},"canonical":"https:\/\/vdsg.com.vn\/industry\/","og_locale":"vi_VN","og_type":"article","og_title":"L\u0129nh v\u1ef1c - Vi\u1ec5n Th\u00f4ng \u0110\u00f4ng S\u00e0i G\u00f2n","og_description":"[vc_row][vc_column][\/vc_column][\/vc_row]","og_url":"https:\/\/vdsg.com.vn\/industry\/","og_site_name":"Vi\u1ec5n Th\u00f4ng \u0110\u00f4ng S\u00e0i G\u00f2n","article_modified_time":"2024-12-09T15:36:16+00:00","twitter_card":"summary_large_image","twitter_misc":{"Est. reading time":"1 minute"},"schema":{"@context":"https:\/\/schema.org","@graph":[{"@type":"WebPage","@id":"https:\/\/vdsg.com.vn\/industry\/","url":"https:\/\/vdsg.com.vn\/industry\/","name":"L\u0129nh v\u1ef1c - Vi\u1ec5n Th\u00f4ng \u0110\u00f4ng S\u00e0i G\u00f2n","isPartOf":{"@id":"https:\/\/vdsg.com.vn\/#website"},"datePublished":"2023-12-19T03:00:07+00:00","dateModified":"2024-12-09T15:36:16+00:00","breadcrumb":{"@id":"https:\/\/vdsg.com.vn\/industry\/#breadcrumb"},"inLanguage":"vi-VN","potentialAction":[{"@type":"ReadAction","target":["https:\/\/vdsg.com.vn\/industry\/"]}]},{"@type":"BreadcrumbList","@id":"https:\/\/vdsg.com.vn\/industry\/#breadcrumb","itemListElement":[{"@type":"ListItem","position":1,"name":"Home","item":"https:\/\/vdsg.com.vn\/vi\/"},{"@type":"ListItem","position":2,"name":"L\u0129nh v\u1ef1c"}]},{"@type":"WebSite","@id":"https:\/\/vdsg.com.vn\/#website","url":"https:\/\/vdsg.com.vn\/","name":"Vi\u1ec5n Th\u00f4ng \u0110\u00f4ng S\u00e0i G\u00f2n","description":"C\u00d4NG TY TNHH VI\u1ec4N TH\u00d4NG \u0110\u00d4NG S\u00c0I G\u00d2N","potentialAction":[{"@type":"SearchAction","target":{"@type":"EntryPoint","urlTemplate":"https:\/\/vdsg.com.vn\/?s={search_term_string}"},"query-input":{"@type":"PropertyValueSpecification","valueRequired":true,"valueName":"search_term_string"}}],"inLanguage":"vi-VN"}]}},"_links":{"self":[{"href":"https:\/\/vdsg.com.vn\/vi\/wp-json\/wp\/v2\/pages\/557","targetHints":{"allow":["GET"]}}],"collection":[{"href":"https:\/\/vdsg.com.vn\/vi\/wp-json\/wp\/v2\/pages"}],"about":[{"href":"https:\/\/vdsg.com.vn\/vi\/wp-json\/wp\/v2\/types\/page"}],"author":[{"embeddable":true,"href":"https:\/\/vdsg.com.vn\/vi\/wp-json\/wp\/v2\/users\/1"}],"replies":[{"embeddable":true,"href":"https:\/\/vdsg.com.vn\/vi\/wp-json\/wp\/v2\/comments?post=557"}],"version-history":[{"count":1,"href":"https:\/\/vdsg.com.vn\/vi\/wp-json\/wp\/v2\/pages\/557\/revisions"}],"predecessor-version":[{"id":558,"href":"https:\/\/vdsg.com.vn\/vi\/wp-json\/wp\/v2\/pages\/557\/revisions\/558"}],"wp:attachment":[{"href":"https:\/\/vdsg.com.vn\/vi\/wp-json\/wp\/v2\/media?parent=557"}],"curies":[{"name":"wp","href":"https:\/\/api.w.org\/{rel}","templated":true}]}}