{"id":513,"date":"2023-12-19T09:58:52","date_gmt":"2023-12-19T02:58:52","guid":{"rendered":"http:\/\/vienthongsaigon.southteam.site\/?page_id=513"},"modified":"2025-04-17T09:08:55","modified_gmt":"2025-04-17T02:08:55","slug":"dich-vu-vien-thong","status":"publish","type":"page","link":"https:\/\/vdsg.com.vn\/vi\/dich-vu-vien-thong\/","title":{"rendered":"D\u1ecbch v\u1ee5"},"content":{"rendered":"<div class=\"wpb-content-wrapper\"><p>[vc_row][vc_column]<div class=\"applicate-area applicate-grid\">\n\t<div class=\"row\">\n\t\t\t\t<div class=\"col-lg-4 col-sm-6\">\n\t\t\t\t\t\t<div class=\"service-box-five \">\n\t\t\t\t<div class=\"service-icon-five\"><a href=\"https:\/\/vdsg.com.vn\/vi\/dich-vu\/robot-tai-chinh\/\" rel=\"nofollow\"><img decoding=\"async\" src=\"https:\/\/vdsg.com.vn\/wp-content\/uploads\/2024\/11\/chip-1.png\"><\/a><\/div>\n\t\t\t\t<h5 class=\"service-five-title title\"><a href=\"https:\/\/vdsg.com.vn\/vi\/dich-vu\/robot-tai-chinh\/\" rel=\"nofollow\">Robot t\u00e0i ch\u00ednh<\/a><\/h5>\n                            <div class=\"services-five-des\"><p>H\u1ee3p l\u00fd h\u00f3a c\u00e1c ho\u1ea1t \u0111\u1ed9ng t\u00e0i ch\u00ednh c\u1ee7a b\u1ea1n v\u1edbi c\u00e1c gi\u1ea3i ph\u00e1p robot t\u00e0i ch\u00ednh ti\u00ean ti\u1ebfn c\u1ee7a ch\u00fang t\u00f4i. \u0110\u01b0\u1ee3c thi\u1ebft k\u1ebf \u0111\u1ec3 t\u1ef1 \u0111\u1ed9ng h\u00f3a v\u00e0 t\u1ed1i \u01b0u h\u00f3a c\u00e1c nhi\u1ec7m v\u1ee5 t\u00e0i ch\u00ednh l\u1eb7p \u0111i l\u1eb7p l\u1ea1i, robot c\u1ee7a ch\u00fang t\u00f4i n\u00e2ng cao hi\u1ec7u qu\u1ea3, gi\u1ea3m l\u1ed7i c\u1ee7a con ng\u01b0\u1eddi<\/p>\n<\/div>\n                        <\/div>\n\t\t\t\t\t<\/div>\n\t\t\t\t<div class=\"col-lg-4 col-sm-6\">\n\t\t\t\t\t\t<div class=\"service-box-five \">\n\t\t\t\t<div class=\"service-icon-five\"><a href=\"https:\/\/vdsg.com.vn\/vi\/dich-vu\/phat-trien-phan-mem-ung-dung-web-ung-dung-di-dong-chuong-trinh\/\" rel=\"nofollow\"><img decoding=\"async\" src=\"https:\/\/vdsg.com.vn\/wp-content\/uploads\/2024\/11\/mobile-development.png\"><\/a><\/div>\n\t\t\t\t<h5 class=\"service-five-title title\"><a href=\"https:\/\/vdsg.com.vn\/vi\/dich-vu\/phat-trien-phan-mem-ung-dung-web-ung-dung-di-dong-chuong-trinh\/\" rel=\"nofollow\">Ph\u00e1t tri\u1ec3n ph\u1ea7n m\u1ec1m &#8211; \u1ee8ng d\u1ee5ng web, \u1ee8ng d\u1ee5ng di \u0111\u1ed9ng, Ch\u01b0\u01a1ng tr\u00ecnh<\/a><\/h5>\n                            <div class=\"services-five-des\"><p>Bi\u1ebfn \u00fd t\u01b0\u1edfng c\u1ee7a b\u1ea1n th\u00e0nh hi\u1ec7n th\u1ef1c v\u1edbi c\u00e1c d\u1ecbch v\u1ee5 ph\u00e1t tri\u1ec3n ph\u1ea7n m\u1ec1m tr\u1ecdn g\u00f3i c\u1ee7a ch\u00fang t\u00f4i. Ch\u00fang t\u00f4i chuy\u00ean t\u1ea1o c\u00e1c \u1ee9ng d\u1ee5ng web v\u00e0 di \u0111\u1ed9ng t\u00f9y ch\u1ec9nh \u0111\u00e1p \u1ee9ng nhu c\u1ea7u kinh doanh \u0111\u1ed9c \u0111\u00e1o c\u1ee7a b\u1ea1n. T\u1eeb c\u00e1c n\u1ec1n t\u1ea3ng th\u01b0\u01a1ng m\u1ea1i \u0111i\u1ec7n t\u1eed tr\u1ef1c quan \u0111\u1ebfn<\/p>\n<\/div>\n                        <\/div>\n\t\t\t\t\t<\/div>\n\t\t\t\t<div class=\"col-lg-4 col-sm-6\">\n\t\t\t\t\t\t<div class=\"service-box-five \">\n\t\t\t\t<div class=\"service-icon-five\"><a href=\"https:\/\/vdsg.com.vn\/vi\/dich-vu\/giai-phap-he-thong-he-thong-dien-thoai-pbx-may-tinh-xach-tay-cho-doanh-nghiep\/\" rel=\"nofollow\"><img decoding=\"async\" src=\"https:\/\/vdsg.com.vn\/wp-content\/uploads\/2024\/11\/cloud-computing-1.png\"><\/a><\/div>\n\t\t\t\t<h5 class=\"service-five-title title\"><a href=\"https:\/\/vdsg.com.vn\/vi\/dich-vu\/giai-phap-he-thong-he-thong-dien-thoai-pbx-may-tinh-xach-tay-cho-doanh-nghiep\/\" rel=\"nofollow\">Gi\u1ea3i ph\u00e1p h\u1ec7 th\u1ed1ng &#8211; H\u1ec7 th\u1ed1ng \u0111i\u1ec7n tho\u1ea1i PBX, m\u00e1y t\u00ednh x\u00e1ch tay cho doanh nghi\u1ec7p<\/a><\/h5>\n                            <div class=\"services-five-des\"><p>T\u0103ng c\u01b0\u1eddng hi\u1ec7u qu\u1ea3 giao ti\u1ebfp v\u00e0 ho\u1ea1t \u0111\u1ed9ng kinh doanh c\u1ee7a b\u1ea1n v\u1edbi c\u00e1c gi\u1ea3i ph\u00e1p h\u1ec7 th\u1ed1ng ti\u00ean ti\u1ebfn c\u1ee7a ch\u00fang t\u00f4i. Ch\u00fang t\u00f4i cung c\u1ea5p c\u00e1c h\u1ec7 th\u1ed1ng \u0111i\u1ec7n tho\u1ea1i PBX ti\u00ean ti\u1ebfn \u0111\u01b0\u1ee3c thi\u1ebft k\u1ebf ri\u00eang theo nhu c\u1ea7u c\u1ee7a t\u1ed5 ch\u1ee9c b\u1ea1n, \u0111\u1ea3m b\u1ea3o k\u1ebft n\u1ed1i li\u1ec1n m\u1ea1ch v\u00e0 giao<\/p>\n<\/div>\n                        <\/div>\n\t\t\t\t\t<\/div>\n\t\t\t\t<div class=\"col-lg-4 col-sm-6\">\n\t\t\t\t\t\t<div class=\"service-box-five \">\n\t\t\t\t<div class=\"service-icon-five\"><a href=\"https:\/\/vdsg.com.vn\/vi\/dich-vu\/dich-vu-it-tu-van-it\/\" rel=\"nofollow\"><img decoding=\"async\" src=\"https:\/\/vdsg.com.vn\/wp-content\/uploads\/2024\/11\/development-2.png\"><\/a><\/div>\n\t\t\t\t<h5 class=\"service-five-title title\"><a href=\"https:\/\/vdsg.com.vn\/vi\/dich-vu\/dich-vu-it-tu-van-it\/\" rel=\"nofollow\">D\u1ecbch v\u1ee5 IT &#8211; T\u01b0 v\u1ea5n IT<\/a><\/h5>\n                            <div class=\"services-five-des\"><p>Trong m\u00f4i tr\u01b0\u1eddng kinh doanh ph\u00e1t tri\u1ec3n nhanh nh\u01b0 hi\u1ec7n nay, c\u01a1 s\u1edf h\u1ea1 t\u1ea7ng CNTT m\u1ea1nh m\u1ebd l\u00e0 x\u01b0\u01a1ng s\u1ed1ng c\u1ee7a m\u1ecdi t\u1ed5 ch\u1ee9c th\u00e0nh c\u00f4ng. C\u00e1c d\u1ecbch v\u1ee5 t\u01b0 v\u1ea5n CNTT c\u1ee7a ch\u00fang t\u00f4i cung c\u1ea5p h\u01b0\u1edbng d\u1eabn chuy\u00ean m\u00f4n \u0111\u1ec3 gi\u00fap b\u1ea1n \u0111i\u1ec1u h\u01b0\u1edbng s\u1ef1 ph\u1ee9c t\u1ea1p c\u1ee7a vi\u1ec7c \u00e1p d\u1ee5ng v\u00e0<\/p>\n<\/div>\n                        <\/div>\n\t\t\t\t\t<\/div>\n\t\t\t<\/div>\n<\/div>\t\n[\/vc_column][\/vc_row]<\/p>\n<\/div>","protected":false},"excerpt":{"rendered":"<p>[vc_row][vc_column][\/vc_column][\/vc_row]<\/p>\n","protected":false},"author":1,"featured_media":0,"parent":0,"menu_order":0,"comment_status":"closed","ping_status":"closed","template":"page-templates\/fullwidthpage.php","meta":{"_acf_changed":false,"footnotes":""},"class_list":["post-513","page","type-page","status-publish","hentry"],"acf":[],"yoast_head":"<!-- This site is optimized with the Yoast SEO plugin v24.4 - https:\/\/yoast.com\/wordpress\/plugins\/seo\/ -->\n<title>D\u1ecbch v\u1ee5 - Vi\u1ec5n Th\u00f4ng \u0110\u00f4ng S\u00e0i G\u00f2n<\/title>\n<meta name=\"robots\" content=\"index, follow, max-snippet:-1, max-image-preview:large, max-video-preview:-1\" \/>\n<link rel=\"canonical\" href=\"https:\/\/vdsg.com.vn\/vi\/dich-vu-vien-thong\/\" \/>\n<meta property=\"og:locale\" content=\"vi_VN\" \/>\n<meta property=\"og:type\" content=\"article\" \/>\n<meta property=\"og:title\" content=\"D\u1ecbch v\u1ee5 - Vi\u1ec5n Th\u00f4ng \u0110\u00f4ng S\u00e0i G\u00f2n\" \/>\n<meta property=\"og:description\" content=\"[vc_row][vc_column][\/vc_column][\/vc_row]\" \/>\n<meta property=\"og:url\" content=\"https:\/\/vdsg.com.vn\/vi\/dich-vu-vien-thong\/\" \/>\n<meta property=\"og:site_name\" content=\"Vi\u1ec5n Th\u00f4ng \u0110\u00f4ng S\u00e0i G\u00f2n\" \/>\n<meta property=\"article:modified_time\" content=\"2025-04-17T02:08:55+00:00\" \/>\n<meta name=\"twitter:card\" content=\"summary_large_image\" \/>\n<meta name=\"twitter:label1\" content=\"Est. reading time\" \/>\n\t<meta name=\"twitter:data1\" content=\"1 minute\" \/>\n<script type=\"application\/ld+json\" class=\"yoast-schema-graph\">{\"@context\":\"https:\/\/schema.org\",\"@graph\":[{\"@type\":\"WebPage\",\"@id\":\"https:\/\/vdsg.com.vn\/vi\/dich-vu-vien-thong\/\",\"url\":\"https:\/\/vdsg.com.vn\/vi\/dich-vu-vien-thong\/\",\"name\":\"D\u1ecbch v\u1ee5 - Vi\u1ec5n Th\u00f4ng \u0110\u00f4ng S\u00e0i G\u00f2n\",\"isPartOf\":{\"@id\":\"https:\/\/vdsg.com.vn\/#website\"},\"datePublished\":\"2023-12-19T02:58:52+00:00\",\"dateModified\":\"2025-04-17T02:08:55+00:00\",\"breadcrumb\":{\"@id\":\"https:\/\/vdsg.com.vn\/vi\/dich-vu-vien-thong\/#breadcrumb\"},\"inLanguage\":\"vi-VN\",\"potentialAction\":[{\"@type\":\"ReadAction\",\"target\":[\"https:\/\/vdsg.com.vn\/vi\/dich-vu-vien-thong\/\"]}]},{\"@type\":\"BreadcrumbList\",\"@id\":\"https:\/\/vdsg.com.vn\/vi\/dich-vu-vien-thong\/#breadcrumb\",\"itemListElement\":[{\"@type\":\"ListItem\",\"position\":1,\"name\":\"Home\",\"item\":\"https:\/\/vdsg.com.vn\/vi\/\"},{\"@type\":\"ListItem\",\"position\":2,\"name\":\"D\u1ecbch v\u1ee5\"}]},{\"@type\":\"WebSite\",\"@id\":\"https:\/\/vdsg.com.vn\/#website\",\"url\":\"https:\/\/vdsg.com.vn\/\",\"name\":\"Vi\u1ec5n Th\u00f4ng \u0110\u00f4ng S\u00e0i G\u00f2n\",\"description\":\"C\u00d4NG TY TNHH VI\u1ec4N TH\u00d4NG \u0110\u00d4NG S\u00c0I G\u00d2N\",\"potentialAction\":[{\"@type\":\"SearchAction\",\"target\":{\"@type\":\"EntryPoint\",\"urlTemplate\":\"https:\/\/vdsg.com.vn\/?s={search_term_string}\"},\"query-input\":{\"@type\":\"PropertyValueSpecification\",\"valueRequired\":true,\"valueName\":\"search_term_string\"}}],\"inLanguage\":\"vi-VN\"}]}<\/script>\n<!-- \/ Yoast SEO plugin. -->","yoast_head_json":{"title":"D\u1ecbch v\u1ee5 - Vi\u1ec5n Th\u00f4ng \u0110\u00f4ng S\u00e0i G\u00f2n","robots":{"index":"index","follow":"follow","max-snippet":"max-snippet:-1","max-image-preview":"max-image-preview:large","max-video-preview":"max-video-preview:-1"},"canonical":"https:\/\/vdsg.com.vn\/vi\/dich-vu-vien-thong\/","og_locale":"vi_VN","og_type":"article","og_title":"D\u1ecbch v\u1ee5 - Vi\u1ec5n Th\u00f4ng \u0110\u00f4ng S\u00e0i G\u00f2n","og_description":"[vc_row][vc_column][\/vc_column][\/vc_row]","og_url":"https:\/\/vdsg.com.vn\/vi\/dich-vu-vien-thong\/","og_site_name":"Vi\u1ec5n Th\u00f4ng \u0110\u00f4ng S\u00e0i G\u00f2n","article_modified_time":"2025-04-17T02:08:55+00:00","twitter_card":"summary_large_image","twitter_misc":{"Est. reading time":"1 minute"},"schema":{"@context":"https:\/\/schema.org","@graph":[{"@type":"WebPage","@id":"https:\/\/vdsg.com.vn\/vi\/dich-vu-vien-thong\/","url":"https:\/\/vdsg.com.vn\/vi\/dich-vu-vien-thong\/","name":"D\u1ecbch v\u1ee5 - Vi\u1ec5n Th\u00f4ng \u0110\u00f4ng S\u00e0i G\u00f2n","isPartOf":{"@id":"https:\/\/vdsg.com.vn\/#website"},"datePublished":"2023-12-19T02:58:52+00:00","dateModified":"2025-04-17T02:08:55+00:00","breadcrumb":{"@id":"https:\/\/vdsg.com.vn\/vi\/dich-vu-vien-thong\/#breadcrumb"},"inLanguage":"vi-VN","potentialAction":[{"@type":"ReadAction","target":["https:\/\/vdsg.com.vn\/vi\/dich-vu-vien-thong\/"]}]},{"@type":"BreadcrumbList","@id":"https:\/\/vdsg.com.vn\/vi\/dich-vu-vien-thong\/#breadcrumb","itemListElement":[{"@type":"ListItem","position":1,"name":"Home","item":"https:\/\/vdsg.com.vn\/vi\/"},{"@type":"ListItem","position":2,"name":"D\u1ecbch v\u1ee5"}]},{"@type":"WebSite","@id":"https:\/\/vdsg.com.vn\/#website","url":"https:\/\/vdsg.com.vn\/","name":"Vi\u1ec5n Th\u00f4ng \u0110\u00f4ng S\u00e0i G\u00f2n","description":"C\u00d4NG TY TNHH VI\u1ec4N TH\u00d4NG \u0110\u00d4NG S\u00c0I G\u00d2N","potentialAction":[{"@type":"SearchAction","target":{"@type":"EntryPoint","urlTemplate":"https:\/\/vdsg.com.vn\/?s={search_term_string}"},"query-input":{"@type":"PropertyValueSpecification","valueRequired":true,"valueName":"search_term_string"}}],"inLanguage":"vi-VN"}]}},"_links":{"self":[{"href":"https:\/\/vdsg.com.vn\/vi\/wp-json\/wp\/v2\/pages\/513","targetHints":{"allow":["GET"]}}],"collection":[{"href":"https:\/\/vdsg.com.vn\/vi\/wp-json\/wp\/v2\/pages"}],"about":[{"href":"https:\/\/vdsg.com.vn\/vi\/wp-json\/wp\/v2\/types\/page"}],"author":[{"embeddable":true,"href":"https:\/\/vdsg.com.vn\/vi\/wp-json\/wp\/v2\/users\/1"}],"replies":[{"embeddable":true,"href":"https:\/\/vdsg.com.vn\/vi\/wp-json\/wp\/v2\/comments?post=513"}],"version-history":[{"count":1,"href":"https:\/\/vdsg.com.vn\/vi\/wp-json\/wp\/v2\/pages\/513\/revisions"}],"predecessor-version":[{"id":514,"href":"https:\/\/vdsg.com.vn\/vi\/wp-json\/wp\/v2\/pages\/513\/revisions\/514"}],"wp:attachment":[{"href":"https:\/\/vdsg.com.vn\/vi\/wp-json\/wp\/v2\/media?parent=513"}],"curies":[{"name":"wp","href":"https:\/\/api.w.org\/{rel}","templated":true}]}}